{"id":369,"date":"2022-06-16T22:11:01","date_gmt":"2022-06-16T20:11:01","guid":{"rendered":"http:\/\/kristianejaneke.de\/?page_id=369"},"modified":"2022-06-16T22:11:01","modified_gmt":"2022-06-16T20:11:01","slug":"imprint","status":"publish","type":"page","link":"https:\/\/kristianejaneke.de\/en\/imprint\/","title":{"rendered":"Imprint"},"content":{"rendered":"<section  class='av_textblock_section av-ksucncgc-3343fcd565f928dcad0494205997f8f4'  itemscope=\"itemscope\" itemtype=\"https:\/\/schema.org\/CreativeWork\" ><div class='avia_textblock'  itemprop=\"text\" ><h1>Imprint<\/h1>\n<p>Dr. Kristiane Janeke<br \/>An der Buche 12-14<br \/>13465 Berlin<br \/>Germany<br \/>Email: <a href=\"&#x6d;&#x61;&#x69;&#x6c;&#x74;&#x6f;&#x3a;&#x6a;&#x61;&#x6e;&#x65;&#x6b;&#x65;&#x40;&#107;&#114;&#105;&#115;&#116;&#105;&#97;&#110;&#101;&#106;&#97;neke&#46;de\">&#x6a;&#x61;&#110;&#101;k&#x65;&#x40;&#x6b;&#114;&#105;s&#x74;&#x69;&#x61;&#110;&#101;j&#x61;&#x6e;&#x65;&#107;&#101;&#46;&#x64;&#x65;<\/a><br \/>Phone: 030\/88 76 90 31<\/p>\n<p>Responsible for content: Dr. Kristiane Janeke<\/p>\n\n<p>Fotos: Alle Fotos auf der Website stammen, sofern nicht anders angegeben, von Kristiane Janeke.<\/p>\n<p>Alle Rechte vorbehalten, auch die fotomechanische Wiedergabe und der Speicherung in elektronischen Medien.<\/p>\n<p>Haftungsausschluss:<br \/>\nDie Informationen auf dieser Website wurden sorgf\u00e4ltig gepr\u00fcft und werden regelm\u00e4\u00dfig aktualisiert. Es kann jedoch keine Garantie daf\u00fcr \u00fcbernommen werden, dass alle Angaben zu jeder Zeit vollst\u00e4ndig, richtig und aktuell dargestellt sind. Dies gilt insbesondere f\u00fcr alle Links zu anderen Websites, auf die direkt oder indirekt verwiesen wird. Alle Angaben k\u00f6nnen ohne vorherige Ank\u00fcndigung erg\u00e4nzt, entfernt oder ge\u00e4ndert werden. Alle auf dieser Website genannten Produktnamen, Produktbezeichnungen und Logos sind eingetragene Warenzeichen und Eigentum der jeweiligen Rechteinhaber.<\/p>\n<\/div><\/section>\n","protected":false},"excerpt":{"rendered":"","protected":false},"author":1,"featured_media":0,"parent":0,"menu_order":0,"comment_status":"closed","ping_status":"closed","template":"","meta":{"footnotes":""},"class_list":["post-369","page","type-page","status-publish","hentry"],"_links":{"self":[{"href":"https:\/\/kristianejaneke.de\/en\/wp-json\/wp\/v2\/pages\/369","targetHints":{"allow":["GET"]}}],"collection":[{"href":"https:\/\/kristianejaneke.de\/en\/wp-json\/wp\/v2\/pages"}],"about":[{"href":"https:\/\/kristianejaneke.de\/en\/wp-json\/wp\/v2\/types\/page"}],"author":[{"embeddable":true,"href":"https:\/\/kristianejaneke.de\/en\/wp-json\/wp\/v2\/users\/1"}],"replies":[{"embeddable":true,"href":"https:\/\/kristianejaneke.de\/en\/wp-json\/wp\/v2\/comments?post=369"}],"version-history":[{"count":2,"href":"https:\/\/kristianejaneke.de\/en\/wp-json\/wp\/v2\/pages\/369\/revisions"}],"predecessor-version":[{"id":371,"href":"https:\/\/kristianejaneke.de\/en\/wp-json\/wp\/v2\/pages\/369\/revisions\/371"}],"wp:attachment":[{"href":"https:\/\/kristianejaneke.de\/en\/wp-json\/wp\/v2\/media?parent=369"}],"curies":[{"name":"wp","href":"https:\/\/api.w.org\/{rel}","templated":true}]}}